{"id":500,"date":"2025-05-28T07:58:40","date_gmt":"2025-05-28T07:58:40","guid":{"rendered":"https:\/\/ipsum-sports.com\/our-method\/"},"modified":"2025-07-01T10:48:35","modified_gmt":"2025-07-01T10:48:35","slug":"our-method","status":"publish","type":"page","link":"https:\/\/ipsum-sports.com\/es\/our-method\/","title":{"rendered":"NUESTRO M\u00c9TODO"},"content":{"rendered":"\t\t<div data-elementor-type=\"wp-page\" data-elementor-id=\"500\" class=\"elementor elementor-500 elementor-286\" data-elementor-post-type=\"page\">\n\t\t\t\t<div class=\"elementor-element elementor-element-19fe3c9 e-flex e-con-boxed e-con e-parent\" data-id=\"19fe3c9\" data-element_type=\"container\" data-settings=\"{&quot;background_background&quot;:&quot;classic&quot;}\">\n\t\t\t\t\t<div class=\"e-con-inner\">\n\t\t<div class=\"elementor-element elementor-element-797c2a4 e-con-full e-flex e-con e-child\" data-id=\"797c2a4\" data-element_type=\"container\">\n\t\t\t\t<div class=\"elementor-element elementor-element-4d175a5 elementor-widget__width-initial elementor-widget-mobile__width-inherit elementor-widget elementor-widget-heading\" data-id=\"4d175a5\" data-element_type=\"widget\" data-widget_type=\"heading.default\">\n\t\t\t\t<div class=\"elementor-widget-container\">\n\t\t\t\t\t<h2 class=\"elementor-heading-title elementor-size-default\">PRECISI\u00d3N.<br>CIENCIA.<br>RESULTADOS.<\/h2>\t\t\t\t<\/div>\n\t\t\t\t<\/div>\n\t\t\t\t<div class=\"elementor-element elementor-element-bc2a051 elementor-tablet-align-center elementor-widget elementor-widget-button\" data-id=\"bc2a051\" data-element_type=\"widget\" data-widget_type=\"button.default\">\n\t\t\t\t<div class=\"elementor-widget-container\">\n\t\t\t\t\t\t\t\t\t<div class=\"elementor-button-wrapper\">\n\t\t\t\t\t<a class=\"elementor-button elementor-button-link elementor-size-sm\" href=\"#\">\n\t\t\t\t\t\t<span class=\"elementor-button-content-wrapper\">\n\t\t\t\t\t\t\t\t\t<span class=\"elementor-button-text\">Empieza tu recuperaci\u00f3n<\/span>\n\t\t\t\t\t<\/span>\n\t\t\t\t\t<\/a>\n\t\t\t\t<\/div>\n\t\t\t\t\t\t\t\t<\/div>\n\t\t\t\t<\/div>\n\t\t\t\t<\/div>\n\t\t\t\t\t<\/div>\n\t\t\t\t<\/div>\n\t\t<div class=\"elementor-element elementor-element-58f183e e-flex e-con-boxed e-con e-parent\" data-id=\"58f183e\" data-element_type=\"container\" data-settings=\"{&quot;background_background&quot;:&quot;classic&quot;}\">\n\t\t\t\t\t<div class=\"e-con-inner\">\n\t\t<div class=\"elementor-element elementor-element-1e9a15b e-con-full e-flex e-con e-child\" data-id=\"1e9a15b\" data-element_type=\"container\">\n\t\t\t\t<div class=\"elementor-element elementor-element-203066c elementor-widget elementor-widget-heading\" data-id=\"203066c\" data-element_type=\"widget\" data-widget_type=\"heading.default\">\n\t\t\t\t<div class=\"elementor-widget-container\">\n\t\t\t\t\t<h2 class=\"elementor-heading-title elementor-size-default\"><i>En Ipsum Sports Rehab, creemos que una recuperaci\u00f3n de primera clase nunca es gen\u00e9rica: es personalizada, precisa y profundamente individualizada.\nNuestro m\u00e9todo se basa en tres pilares fundamentales:<\/i><\/h2>\t\t\t\t<\/div>\n\t\t\t\t<\/div>\n\t\t\t\t<\/div>\n\t\t\t\t\t<\/div>\n\t\t\t\t<\/div>\n\t\t<div class=\"elementor-element elementor-element-6daaa71 e-con-full e-flex e-con e-parent\" data-id=\"6daaa71\" data-element_type=\"container\">\n\t\t<div class=\"elementor-element elementor-element-aa52e9f e-con-full e-flex e-con e-child\" data-id=\"aa52e9f\" data-element_type=\"container\">\n\t\t<div class=\"elementor-element elementor-element-4eac3e8 e-con-full e-flex e-con e-child\" data-id=\"4eac3e8\" data-element_type=\"container\" data-settings=\"{&quot;background_background&quot;:&quot;classic&quot;}\">\n\t\t\t\t<\/div>\n\t\t<div class=\"elementor-element elementor-element-810efac e-con-full e-flex e-con e-child\" data-id=\"810efac\" data-element_type=\"container\">\n\t\t\t\t<div class=\"elementor-element elementor-element-9b7c62c elementor-widget elementor-widget-heading\" data-id=\"9b7c62c\" data-element_type=\"widget\" data-widget_type=\"heading.default\">\n\t\t\t\t<div class=\"elementor-widget-container\">\n\t\t\t\t\t<h2 class=\"elementor-heading-title elementor-size-default\">1. Evaluaci\u00f3n integral<\/h2>\t\t\t\t<\/div>\n\t\t\t\t<\/div>\n\t\t\t\t<div class=\"elementor-element elementor-element-1130d9a elementor-widget elementor-widget-text-editor\" data-id=\"1130d9a\" data-element_type=\"widget\" data-widget_type=\"text-editor.default\">\n\t\t\t\t<div class=\"elementor-widget-container\">\n\t\t\t\t\t\t\t\t\t<p><span style=\"font-weight: 400;\">Todo camino comienza con el conocimiento.<\/span><span style=\"font-weight: 400;\"> <\/span><span style=\"font-weight: 400;\">Realizamos<\/span> <b>evaluaciones neuromusculares, morfoestructurales y fisiol\u00f3gicas avanzadas<\/b> <span style=\"font-weight: 400;\">con tecnolog\u00eda de vanguardia para comprender tu perfil de lesi\u00f3n, condici\u00f3n f\u00edsica y necesidades de rendimiento.<\/span><\/p><p><span style=\"font-weight: 400;\">Desde la funci\u00f3n muscular hasta la mec\u00e1nica del movimiento, no dejamos ning\u00fan detalle sin verificar.<\/span><\/p>\t\t\t\t\t\t\t\t<\/div>\n\t\t\t\t<\/div>\n\t\t\t\t<\/div>\n\t\t\t\t<\/div>\n\t\t\t\t<\/div>\n\t\t<div class=\"elementor-element elementor-element-bb70aea e-con-full e-flex e-con e-parent\" data-id=\"bb70aea\" data-element_type=\"container\" data-settings=\"{&quot;background_background&quot;:&quot;classic&quot;}\">\n\t\t<div class=\"elementor-element elementor-element-f3611c4 e-con-full e-flex e-con e-child\" data-id=\"f3611c4\" data-element_type=\"container\">\n\t\t<div class=\"elementor-element elementor-element-8ac7b98 e-con-full e-flex e-con e-child\" data-id=\"8ac7b98\" data-element_type=\"container\" data-settings=\"{&quot;background_background&quot;:&quot;classic&quot;}\">\n\t\t\t\t<\/div>\n\t\t<div class=\"elementor-element elementor-element-66708c8 e-con-full e-flex e-con e-child\" data-id=\"66708c8\" data-element_type=\"container\">\n\t\t\t\t<div class=\"elementor-element elementor-element-55e6d53 elementor-widget elementor-widget-heading\" data-id=\"55e6d53\" data-element_type=\"widget\" data-widget_type=\"heading.default\">\n\t\t\t\t<div class=\"elementor-widget-container\">\n\t\t\t\t\t<h2 class=\"elementor-heading-title elementor-size-default\">2. Intervenci\u00f3n personalizada<\/h2>\t\t\t\t<\/div>\n\t\t\t\t<\/div>\n\t\t\t\t<div class=\"elementor-element elementor-element-3df8d81 elementor-widget elementor-widget-text-editor\" data-id=\"3df8d81\" data-element_type=\"widget\" data-widget_type=\"text-editor.default\">\n\t\t\t\t<div class=\"elementor-widget-container\">\n\t\t\t\t\t\t\t\t\t<p><span style=\"font-weight: 400;\">Bas\u00e1ndonos en tu evaluaci\u00f3n, dise\u00f1amos<\/span> <b>un plan de recuperaci\u00f3n y rendimiento totalmente individualizado<\/b><span style=\"font-weight: 400;\">.<\/span><span style=\"font-weight: 400;\"> <\/span><br><span style=\"font-weight: 400;\">Integramos:<\/span><\/p><ul><li style=\"font-weight: 400;\" aria-level=\"1\"><span style=\"font-weight: 400;\">Fisioterapia y terapia manual de nivel \u00e9lite<\/span><\/li><li style=\"font-weight: 400;\" aria-level=\"1\"><span style=\"font-weight: 400;\">Reeducaci\u00f3n neuromuscular y entrenamiento de fuerza<\/span><\/li><li style=\"font-weight: 400;\" aria-level=\"1\"><span style=\"font-weight: 400;\">Reentrenamiento de velocidad, agilidad y movimientos espec\u00edficos del deporte.<\/span><\/li><li style=\"font-weight: 400;\" aria-level=\"1\"><span style=\"font-weight: 400;\">Supervisi\u00f3n m\u00e9dica y seguimiento continuo del progreso<\/span><\/li><\/ul><p><span style=\"font-weight: 400;\">Nuestro objetivo no es s\u00f3lo la recuperaci\u00f3n: es la transformaci\u00f3n.<\/span><\/p>\t\t\t\t\t\t\t\t<\/div>\n\t\t\t\t<\/div>\n\t\t\t\t<\/div>\n\t\t\t\t<\/div>\n\t\t\t\t<\/div>\n\t\t<div class=\"elementor-element elementor-element-a899ee1 e-con-full e-flex e-con e-parent\" data-id=\"a899ee1\" data-element_type=\"container\">\n\t\t<div class=\"elementor-element elementor-element-09cbedb e-con-full e-flex e-con e-child\" data-id=\"09cbedb\" data-element_type=\"container\">\n\t\t<div class=\"elementor-element elementor-element-7ed3ebb e-con-full e-flex e-con e-child\" data-id=\"7ed3ebb\" data-element_type=\"container\" data-settings=\"{&quot;background_background&quot;:&quot;classic&quot;}\">\n\t\t\t\t<\/div>\n\t\t<div class=\"elementor-element elementor-element-adf5dd6 e-con-full e-flex e-con e-child\" data-id=\"adf5dd6\" data-element_type=\"container\">\n\t\t\t\t<div class=\"elementor-element elementor-element-dfc4442 elementor-widget elementor-widget-heading\" data-id=\"dfc4442\" data-element_type=\"widget\" data-widget_type=\"heading.default\">\n\t\t\t\t<div class=\"elementor-widget-container\">\n\t\t\t\t\t<h2 class=\"elementor-heading-title elementor-size-default\">3. Excelencia en el retorno al juego<\/h2>\t\t\t\t<\/div>\n\t\t\t\t<\/div>\n\t\t\t\t<div class=\"elementor-element elementor-element-bc2e359 elementor-widget elementor-widget-text-editor\" data-id=\"bc2e359\" data-element_type=\"widget\" data-widget_type=\"text-editor.default\">\n\t\t\t\t<div class=\"elementor-widget-container\">\n\t\t\t\t\t\t\t\t\t<p><span style=\"font-weight: 400;\">No solo te ayudamos a volver a la cancha, sino que te preparamos para que prosperes.<\/span><span style=\"font-weight: 400;\"> <\/span><br><span style=\"font-weight: 400;\">Nuestros<\/span> <b>protocolos de regreso al juego <\/b><span style=\"font-weight: 400;\">est\u00e1n dise\u00f1ados para restaurar la funci\u00f3n completa, recuperar la confianza y optimizar el rendimiento bajo las exigencias del juego real.<\/span><\/p><p><span style=\"font-weight: 400;\">Pasar\u00e1s de entornos controlados a <\/span><b>entrenamientos en campo<\/b> <span style=\"font-weight: 400;\">y escenarios competitivos, siempre bajo la supervisi\u00f3n de expertos con experiencia en los m\u00e1s altos niveles del f\u00fatbol.<\/span><\/p>\t\t\t\t\t\t\t\t<\/div>\n\t\t\t\t<\/div>\n\t\t\t\t<\/div>\n\t\t\t\t<\/div>\n\t\t\t\t<\/div>\n\t\t<div class=\"elementor-element elementor-element-41517db e-flex e-con-boxed e-con e-parent\" data-id=\"41517db\" data-element_type=\"container\" data-settings=\"{&quot;background_background&quot;:&quot;classic&quot;}\">\n\t\t\t\t\t<div class=\"e-con-inner\">\n\t\t<div class=\"elementor-element elementor-element-c650ff1 e-con-full e-flex e-con e-child\" data-id=\"c650ff1\" data-element_type=\"container\">\n\t\t<div class=\"elementor-element elementor-element-ac410c5 e-con-full e-flex e-con e-child\" data-id=\"ac410c5\" data-element_type=\"container\">\n\t\t\t\t<div class=\"elementor-element elementor-element-f9297b2 elementor-widget elementor-widget-heading\" data-id=\"f9297b2\" data-element_type=\"widget\" data-widget_type=\"heading.default\">\n\t\t\t\t<div class=\"elementor-widget-container\">\n\t\t\t\t\t<h2 class=\"elementor-heading-title elementor-size-default\">\u00bfPor qu\u00e9 IPSUM Sports Rehab?<\/h2>\t\t\t\t<\/div>\n\t\t\t\t<\/div>\n\t\t\t\t<div class=\"elementor-element elementor-element-1af33b5 elementor-widget elementor-widget-text-editor\" data-id=\"1af33b5\" data-element_type=\"widget\" data-widget_type=\"text-editor.default\">\n\t\t\t\t<div class=\"elementor-widget-container\">\n\t\t\t\t\t\t\t\t\t<ul><li style=\"font-weight: 400;\" aria-level=\"1\"><span style=\"font-weight: 400;\">Experiencia de lujo en un entorno privado y de alto rendimiento.<\/span><\/li><li style=\"font-weight: 400;\" aria-level=\"1\"><span style=\"font-weight: 400;\">Tecnolog\u00eda de vanguardia y m\u00e9todos basados \u200b\u200ben evidencia<\/span><\/li><li style=\"font-weight: 400;\" aria-level=\"1\"><span style=\"font-weight: 400;\">Equipo con \u00e9xito demostrado en la Premier League, La Liga, Serie A, Bundesliga y circuitos ATP\/WTA<\/span><\/li><li style=\"font-weight: 400;\" aria-level=\"1\"><span style=\"font-weight: 400;\">Concentraci\u00f3n incansable en tu regreso<\/span><\/li><\/ul>\t\t\t\t\t\t\t\t<\/div>\n\t\t\t\t<\/div>\n\t\t\t\t<\/div>\n\t\t<div class=\"elementor-element elementor-element-5c1514a e-con-full e-flex e-con e-child\" data-id=\"5c1514a\" data-element_type=\"container\" data-settings=\"{&quot;background_background&quot;:&quot;classic&quot;}\">\n\t\t\t\t<\/div>\n\t\t\t\t<\/div>\n\t\t\t\t\t<\/div>\n\t\t\t\t<\/div>\n\t\t<div class=\"elementor-element elementor-element-48c18db e-flex e-con-boxed e-con e-parent\" data-id=\"48c18db\" data-element_type=\"container\">\n\t\t\t\t\t<div class=\"e-con-inner\">\n\t\t\t\t<div class=\"elementor-element elementor-element-0b4fdc3 elementor-widget elementor-widget-heading\" data-id=\"0b4fdc3\" data-element_type=\"widget\" data-widget_type=\"heading.default\">\n\t\t\t\t<div class=\"elementor-widget-container\">\n\t\t\t\t\t<h2 class=\"elementor-heading-title elementor-size-default\">Rehabilitaci\u00f3n de \u00e9lite, redefinida.\n<br> <i>M\u00e1s fuerte. M\u00e1s r\u00e1pido. M\u00e1s inteligente. Con Ipsum Sports Rehab a tu lado.<\/i><\/h2>\t\t\t\t<\/div>\n\t\t\t\t<\/div>\n\t\t<div class=\"elementor-element elementor-element-3385c94 e-con-full e-flex e-con e-child\" data-id=\"3385c94\" data-element_type=\"container\">\n\t\t<div class=\"elementor-element elementor-element-35b24f9 e-con-full e-flex e-con e-child\" data-id=\"35b24f9\" data-element_type=\"container\">\n\t\t\t\t<div class=\"elementor-element elementor-element-25e1767 elementor-align-justify elementor-widget elementor-widget-button\" data-id=\"25e1767\" data-element_type=\"widget\" data-widget_type=\"button.default\">\n\t\t\t\t<div class=\"elementor-widget-container\">\n\t\t\t\t\t\t\t\t\t<div class=\"elementor-button-wrapper\">\n\t\t\t\t\t<a class=\"elementor-button elementor-button-link elementor-size-sm\" href=\"#\">\n\t\t\t\t\t\t<span class=\"elementor-button-content-wrapper\">\n\t\t\t\t\t\t\t\t\t<span class=\"elementor-button-text\">Conozca m\u00e1s sobre nuestros servicios<\/span>\n\t\t\t\t\t<\/span>\n\t\t\t\t\t<\/a>\n\t\t\t\t<\/div>\n\t\t\t\t\t\t\t\t<\/div>\n\t\t\t\t<\/div>\n\t\t\t\t<\/div>\n\t\t<div class=\"elementor-element elementor-element-c5d321c e-con-full e-flex e-con e-child\" data-id=\"c5d321c\" data-element_type=\"container\">\n\t\t\t\t<div class=\"elementor-element elementor-element-cdd0119 elementor-align-justify elementor-widget elementor-widget-button\" data-id=\"cdd0119\" data-element_type=\"widget\" data-widget_type=\"button.default\">\n\t\t\t\t<div class=\"elementor-widget-container\">\n\t\t\t\t\t\t\t\t\t<div class=\"elementor-button-wrapper\">\n\t\t\t\t\t<a class=\"elementor-button elementor-button-link elementor-size-sm\" href=\"#\">\n\t\t\t\t\t\t<span class=\"elementor-button-content-wrapper\">\n\t\t\t\t\t\t\t\t\t<span class=\"elementor-button-text\">Reserva tu evaluaci\u00f3n<\/span>\n\t\t\t\t\t<\/span>\n\t\t\t\t\t<\/a>\n\t\t\t\t<\/div>\n\t\t\t\t\t\t\t\t<\/div>\n\t\t\t\t<\/div>\n\t\t\t\t<\/div>\n\t\t\t\t<\/div>\n\t\t\t\t\t<\/div>\n\t\t\t\t<\/div>\n\t\t\t\t<\/div>\n\t\t","protected":false},"excerpt":{"rendered":"<p>PRECISI\u00d3N.CIENCIA.RESULTADOS. Empieza tu recuperaci\u00f3n En Ipsum Sports Rehab, creemos que una recuperaci\u00f3n de primera clase nunca es gen\u00e9rica: es personalizada, precisa y profundamente individualizada. Nuestro m\u00e9todo se basa en tres pilares fundamentales: 1. Evaluaci\u00f3n integral Todo camino comienza con el conocimiento. Realizamos evaluaciones neuromusculares, morfoestructurales y fisiol\u00f3gicas avanzadas con tecnolog\u00eda de vanguardia para comprender tu [&hellip;]<\/p>\n","protected":false},"author":1,"featured_media":0,"parent":0,"menu_order":0,"comment_status":"closed","ping_status":"closed","template":"","meta":{"site-sidebar-layout":"no-sidebar","site-content-layout":"page-builder","ast-site-content-layout":"full-width-container","site-content-style":"default","site-sidebar-style":"default","ast-global-header-display":"","ast-banner-title-visibility":"","ast-main-header-display":"","ast-hfb-above-header-display":"","ast-hfb-below-header-display":"","ast-hfb-mobile-header-display":"","site-post-title":"disabled","ast-breadcrumbs-content":"","ast-featured-img":"disabled","footer-sml-layout":"","theme-transparent-header-meta":"","adv-header-id-meta":"","stick-header-meta":"","header-above-stick-meta":"","header-main-stick-meta":"","header-below-stick-meta":"","astra-migrate-meta-layouts":"default","ast-page-background-enabled":"default","ast-page-background-meta":{"desktop":{"background-color":"var(--ast-global-color-4)","background-image":"","background-repeat":"repeat","background-position":"center center","background-size":"auto","background-attachment":"scroll","background-type":"","background-media":"","overlay-type":"","overlay-color":"","overlay-opacity":"","overlay-gradient":""},"tablet":{"background-color":"","background-image":"","background-repeat":"repeat","background-position":"center center","background-size":"auto","background-attachment":"scroll","background-type":"","background-media":"","overlay-type":"","overlay-color":"","overlay-opacity":"","overlay-gradient":""},"mobile":{"background-color":"","background-image":"","background-repeat":"repeat","background-position":"center center","background-size":"auto","background-attachment":"scroll","background-type":"","background-media":"","overlay-type":"","overlay-color":"","overlay-opacity":"","overlay-gradient":""}},"ast-content-background-meta":{"desktop":{"background-color":"var(--ast-global-color-5)","background-image":"","background-repeat":"repeat","background-position":"center center","background-size":"auto","background-attachment":"scroll","background-type":"","background-media":"","overlay-type":"","overlay-color":"","overlay-opacity":"","overlay-gradient":""},"tablet":{"background-color":"var(--ast-global-color-5)","background-image":"","background-repeat":"repeat","background-position":"center center","background-size":"auto","background-attachment":"scroll","background-type":"","background-media":"","overlay-type":"","overlay-color":"","overlay-opacity":"","overlay-gradient":""},"mobile":{"background-color":"var(--ast-global-color-5)","background-image":"","background-repeat":"repeat","background-position":"center center","background-size":"auto","background-attachment":"scroll","background-type":"","background-media":"","overlay-type":"","overlay-color":"","overlay-opacity":"","overlay-gradient":""}},"footnotes":""},"class_list":["post-500","page","type-page","status-publish","hentry"],"yoast_head":"<!-- This site is optimized with the Yoast SEO plugin v25.2 - https:\/\/yoast.com\/wordpress\/plugins\/seo\/ -->\n<title>NUESTRO M\u00c9TODO - IPSUM SPORTS<\/title>\n<meta name=\"robots\" content=\"index, follow, max-snippet:-1, max-image-preview:large, max-video-preview:-1\" \/>\n<link rel=\"canonical\" href=\"https:\/\/ipsum-sports.com\/es\/our-method\/\" \/>\n<meta property=\"og:locale\" content=\"es_ES\" \/>\n<meta property=\"og:type\" content=\"article\" \/>\n<meta property=\"og:title\" content=\"NUESTRO M\u00c9TODO - IPSUM SPORTS\" \/>\n<meta property=\"og:description\" content=\"PRECISI\u00d3N.CIENCIA.RESULTADOS. Empieza tu recuperaci\u00f3n En Ipsum Sports Rehab, creemos que una recuperaci\u00f3n de primera clase nunca es gen\u00e9rica: es personalizada, precisa y profundamente individualizada. Nuestro m\u00e9todo se basa en tres pilares fundamentales: 1. Evaluaci\u00f3n integral Todo camino comienza con el conocimiento. Realizamos evaluaciones neuromusculares, morfoestructurales y fisiol\u00f3gicas avanzadas con tecnolog\u00eda de vanguardia para comprender tu [&hellip;]\" \/>\n<meta property=\"og:url\" content=\"https:\/\/ipsum-sports.com\/es\/our-method\/\" \/>\n<meta property=\"og:site_name\" content=\"IPSUM SPORTS\" \/>\n<meta property=\"article:modified_time\" content=\"2025-07-01T10:48:35+00:00\" \/>\n<meta name=\"twitter:card\" content=\"summary_large_image\" \/>\n<meta name=\"twitter:label1\" content=\"Tiempo de lectura\" \/>\n\t<meta name=\"twitter:data1\" content=\"2 minutos\" \/>\n<script type=\"application\/ld+json\" class=\"yoast-schema-graph\">{\"@context\":\"https:\/\/schema.org\",\"@graph\":[{\"@type\":\"WebPage\",\"@id\":\"https:\/\/ipsum-sports.com\/es\/our-method\/\",\"url\":\"https:\/\/ipsum-sports.com\/es\/our-method\/\",\"name\":\"NUESTRO M\u00c9TODO - IPSUM SPORTS\",\"isPartOf\":{\"@id\":\"https:\/\/ipsum-sports.com\/#website\"},\"datePublished\":\"2025-05-28T07:58:40+00:00\",\"dateModified\":\"2025-07-01T10:48:35+00:00\",\"breadcrumb\":{\"@id\":\"https:\/\/ipsum-sports.com\/es\/our-method\/#breadcrumb\"},\"inLanguage\":\"es\",\"potentialAction\":[{\"@type\":\"ReadAction\",\"target\":[\"https:\/\/ipsum-sports.com\/es\/our-method\/\"]}]},{\"@type\":\"BreadcrumbList\",\"@id\":\"https:\/\/ipsum-sports.com\/es\/our-method\/#breadcrumb\",\"itemListElement\":[{\"@type\":\"ListItem\",\"position\":1,\"name\":\"Home\",\"item\":\"https:\/\/ipsum-sports.com\/\"},{\"@type\":\"ListItem\",\"position\":2,\"name\":\"NUESTRO M\u00c9TODO\"}]},{\"@type\":\"WebSite\",\"@id\":\"https:\/\/ipsum-sports.com\/#website\",\"url\":\"https:\/\/ipsum-sports.com\/\",\"name\":\"IPSUM SPORTS\",\"description\":\"Rehabilitaci\u00f3n para jugadores profesionales\",\"publisher\":{\"@id\":\"https:\/\/ipsum-sports.com\/#organization\"},\"potentialAction\":[{\"@type\":\"SearchAction\",\"target\":{\"@type\":\"EntryPoint\",\"urlTemplate\":\"https:\/\/ipsum-sports.com\/?s={search_term_string}\"},\"query-input\":{\"@type\":\"PropertyValueSpecification\",\"valueRequired\":true,\"valueName\":\"search_term_string\"}}],\"inLanguage\":\"es\"},{\"@type\":\"Organization\",\"@id\":\"https:\/\/ipsum-sports.com\/#organization\",\"name\":\"IPSUM SPORTS\",\"url\":\"https:\/\/ipsum-sports.com\/\",\"logo\":{\"@type\":\"ImageObject\",\"inLanguage\":\"es\",\"@id\":\"https:\/\/ipsum-sports.com\/#\/schema\/logo\/image\/\",\"url\":\"https:\/\/ipsum-sports.com\/wp-content\/uploads\/2025\/05\/cropped-LOGO-IPSUM-SPORTS-NEGRO.png\",\"contentUrl\":\"https:\/\/ipsum-sports.com\/wp-content\/uploads\/2025\/05\/cropped-LOGO-IPSUM-SPORTS-NEGRO.png\",\"width\":1012,\"height\":773,\"caption\":\"IPSUM SPORTS\"},\"image\":{\"@id\":\"https:\/\/ipsum-sports.com\/#\/schema\/logo\/image\/\"}}]}<\/script>\n<!-- \/ Yoast SEO plugin. -->","yoast_head_json":{"title":"NUESTRO M\u00c9TODO - IPSUM SPORTS","robots":{"index":"index","follow":"follow","max-snippet":"max-snippet:-1","max-image-preview":"max-image-preview:large","max-video-preview":"max-video-preview:-1"},"canonical":"https:\/\/ipsum-sports.com\/es\/our-method\/","og_locale":"es_ES","og_type":"article","og_title":"NUESTRO M\u00c9TODO - IPSUM SPORTS","og_description":"PRECISI\u00d3N.CIENCIA.RESULTADOS. Empieza tu recuperaci\u00f3n En Ipsum Sports Rehab, creemos que una recuperaci\u00f3n de primera clase nunca es gen\u00e9rica: es personalizada, precisa y profundamente individualizada. Nuestro m\u00e9todo se basa en tres pilares fundamentales: 1. Evaluaci\u00f3n integral Todo camino comienza con el conocimiento. Realizamos evaluaciones neuromusculares, morfoestructurales y fisiol\u00f3gicas avanzadas con tecnolog\u00eda de vanguardia para comprender tu [&hellip;]","og_url":"https:\/\/ipsum-sports.com\/es\/our-method\/","og_site_name":"IPSUM SPORTS","article_modified_time":"2025-07-01T10:48:35+00:00","twitter_card":"summary_large_image","twitter_misc":{"Tiempo de lectura":"2 minutos"},"schema":{"@context":"https:\/\/schema.org","@graph":[{"@type":"WebPage","@id":"https:\/\/ipsum-sports.com\/es\/our-method\/","url":"https:\/\/ipsum-sports.com\/es\/our-method\/","name":"NUESTRO M\u00c9TODO - IPSUM SPORTS","isPartOf":{"@id":"https:\/\/ipsum-sports.com\/#website"},"datePublished":"2025-05-28T07:58:40+00:00","dateModified":"2025-07-01T10:48:35+00:00","breadcrumb":{"@id":"https:\/\/ipsum-sports.com\/es\/our-method\/#breadcrumb"},"inLanguage":"es","potentialAction":[{"@type":"ReadAction","target":["https:\/\/ipsum-sports.com\/es\/our-method\/"]}]},{"@type":"BreadcrumbList","@id":"https:\/\/ipsum-sports.com\/es\/our-method\/#breadcrumb","itemListElement":[{"@type":"ListItem","position":1,"name":"Home","item":"https:\/\/ipsum-sports.com\/"},{"@type":"ListItem","position":2,"name":"NUESTRO M\u00c9TODO"}]},{"@type":"WebSite","@id":"https:\/\/ipsum-sports.com\/#website","url":"https:\/\/ipsum-sports.com\/","name":"IPSUM SPORTS","description":"Rehabilitaci\u00f3n para jugadores profesionales","publisher":{"@id":"https:\/\/ipsum-sports.com\/#organization"},"potentialAction":[{"@type":"SearchAction","target":{"@type":"EntryPoint","urlTemplate":"https:\/\/ipsum-sports.com\/?s={search_term_string}"},"query-input":{"@type":"PropertyValueSpecification","valueRequired":true,"valueName":"search_term_string"}}],"inLanguage":"es"},{"@type":"Organization","@id":"https:\/\/ipsum-sports.com\/#organization","name":"IPSUM SPORTS","url":"https:\/\/ipsum-sports.com\/","logo":{"@type":"ImageObject","inLanguage":"es","@id":"https:\/\/ipsum-sports.com\/#\/schema\/logo\/image\/","url":"https:\/\/ipsum-sports.com\/wp-content\/uploads\/2025\/05\/cropped-LOGO-IPSUM-SPORTS-NEGRO.png","contentUrl":"https:\/\/ipsum-sports.com\/wp-content\/uploads\/2025\/05\/cropped-LOGO-IPSUM-SPORTS-NEGRO.png","width":1012,"height":773,"caption":"IPSUM SPORTS"},"image":{"@id":"https:\/\/ipsum-sports.com\/#\/schema\/logo\/image\/"}}]}},"_links":{"self":[{"href":"https:\/\/ipsum-sports.com\/es\/wp-json\/wp\/v2\/pages\/500","targetHints":{"allow":["GET"]}}],"collection":[{"href":"https:\/\/ipsum-sports.com\/es\/wp-json\/wp\/v2\/pages"}],"about":[{"href":"https:\/\/ipsum-sports.com\/es\/wp-json\/wp\/v2\/types\/page"}],"author":[{"embeddable":true,"href":"https:\/\/ipsum-sports.com\/es\/wp-json\/wp\/v2\/users\/1"}],"replies":[{"embeddable":true,"href":"https:\/\/ipsum-sports.com\/es\/wp-json\/wp\/v2\/comments?post=500"}],"version-history":[{"count":4,"href":"https:\/\/ipsum-sports.com\/es\/wp-json\/wp\/v2\/pages\/500\/revisions"}],"predecessor-version":[{"id":570,"href":"https:\/\/ipsum-sports.com\/es\/wp-json\/wp\/v2\/pages\/500\/revisions\/570"}],"wp:attachment":[{"href":"https:\/\/ipsum-sports.com\/es\/wp-json\/wp\/v2\/media?parent=500"}],"curies":[{"name":"wp","href":"https:\/\/api.w.org\/{rel}","templated":true}]}}